{"id":851,"date":"2021-11-16T19:12:13","date_gmt":"2021-11-16T18:12:13","guid":{"rendered":"https:\/\/www.praxis-holzner.at\/?page_id=851"},"modified":"2024-05-30T17:57:42","modified_gmt":"2024-05-30T15:57:42","slug":"angebot-2","status":"publish","type":"page","link":"https:\/\/www.praxis-holzner.at\/?page_id=851","title":{"rendered":"Angebot"},"content":{"rendered":"<div id=\"pl-851\"  class=\"panel-layout\" ><div id=\"pg-851-0\"  class=\"panel-grid panel-no-style\" ><div id=\"pgc-851-0-0\"  class=\"panel-grid-cell\" ><div id=\"panel-851-0-0-0\" class=\"so-panel widget widget_themegrill_flash_image tg-widget tg-image-widget panel-first-child\" data-index=\"0\" >\t<img src=\"https:\/\/www.praxis-holzner.at\/wp-content\/uploads\/2021\/11\/snippet-1-scaled.jpg\" \/>\n<\/div><div id=\"panel-851-0-0-1\" class=\"so-panel widget widget_text panel-last-child\" data-index=\"1\" >\t\t\t<div class=\"textwidget\"><p style=\"margin-top: 8px;\"><strong><span lang=\"de-AT\">Psychologische Therapie und Klinisch-psychologische Beratung (eine Einheit \u00e0 50 Minuten) \u20ac 100<\/span><\/strong><\/p>\n<p>Es besteht die M\u00f6glichkeit eines Kostenzuschuss durch die Gesundheitskassen sowie zur Vereinbarung eines Sozialtarifs.<\/p>\n<p><span lang=\"de-AT\">Hier finden Sie eine Kurzinfo \u00fcber klinisch-psychologische Behandlung und Beratung.<\/span><\/p>\n<p><span lang=\"de-AT\">Als Klinische Psychologin befasse ich mich mit der Behandlung und Beratung von Menschen, die unter einer psychischen St\u00f6rung oder einer k\u00f6rperlichen St\u00f6rung mit psychischer Beeintr\u00e4chtigung leiden, die sich in einer psychischen Extremsituation oder einer psychischen Krise befinden oder befunden haben bzw. anderen psychischen Belastungen ausgesetzt sind oder sich dadurch belastet f\u00fchlen. Dabei kann es sich beispielsweise um Probleme in den Bereichen Lernen, Ged\u00e4chtnis und Denken, Gef\u00fchle, Motivation, \u00c4ngste, Belastungen aufgrund k\u00f6rperlicher Erkrankungen oder einschneidender Erlebnisse und Lebenskrisen handeln. Auch die klinisch-psychologische Begleitung von Angeh\u00f6rigen ist Teil meiner Arbeit.<\/span><\/p>\n<p style=\"margin-bottom: 4px;\"><span lang=\"de-AT\"><strong>Klinisch-psychologische Behandlung\/Psychologische Therapie<\/strong> beruht auf wissenschaftlich fundierten Methoden, die fokussiert, ziel- und l\u00f6sungsorientiert sind. Dabei geht es um die Beseitigung oder Linderung von psychischen Leidenszust\u00e4nden sowie um die Verbesserung der Lebensqualit\u00e4t. Behandelt werden damit z.B.:<br \/>\n<\/span><\/p>\n<ul>\n<li>Suchterkrankungen<\/li>\n<li><span lang=\"de-AT\">Affektive St\u00f6rungen wie Depression, Ersch\u00f6pfungsdepression bzw. \u201eBurn-Out\u201c, Bipolare affektive St\u00f6rung <\/span><\/li>\n<li><span lang=\"de-AT\">\u00c4ngste und Angstst\u00f6rungen wie Phobien und Panikattacken <\/span><\/li>\n<li><span lang=\"de-AT\">Zwangsst\u00f6rungen <\/span><\/li>\n<li><span lang=\"de-AT\">Reaktionen auf schwere Belastungen und Traumata <\/span><\/li>\n<li><span lang=\"de-AT\">Pers\u00f6nlichkeitsst\u00f6rungen und dadurch auftretende soziale Probleme <\/span><\/li>\n<li><span lang=\"de-AT\">Sexualst\u00f6rungen bzw. Probleme im sexuellen Bereich <\/span><\/li>\n<li><span lang=\"de-AT\">Schizophrenie und psychotische St\u00f6rungen <\/span><\/li>\n<li><span lang=\"de-AT\">Psychosomatische Beschwerden <\/span><\/li>\n<li><span lang=\"de-AT\">Chronischen Schmerzen <\/span><\/li>\n<li><span lang=\"de-AT\">etc. <\/span><\/li>\n<\/ul>\n<p style=\"margin-bottom: 4px; margin-top: 28px;\"><span lang=\"de-AT\"><strong>Klinisch-psychologische Beratung<\/strong> bezieht sich auf verschiedene Aspekte gesundheitlicher Beeintr\u00e4chtigungen, ihrer Bedingungen und Ver\u00e4nderungsm\u00f6glichkeiten. Hierbei geht es um kurzfristigere Ma\u00dfnahmen, die sich z.B. auf folgende Themen beziehen k\u00f6nnen:<\/span><\/p>\n<ul>\n<li>Stressbew\u00e4ltigung und Vorbeugung von Folgen &#8211; &#8220;Burnout&#8221;-Pr\u00e4vention<\/li>\n<li>Krisen und kritischen Lebensphasen<\/li>\n<li>Erkennen von Kompetenzen und Ressourcen<\/li>\n<li>Suchtberatung<\/li>\n<li>Coaching f\u00fcr berufliche oder private Ver\u00e4nderungen<\/li>\n<li><span lang=\"de-AT\">etc.<\/span><\/li>\n<\/ul>\n<h6 style=\"margin-top: 28px;\"><strong>Verschwiegenheitspflicht<\/strong><\/h6>\n<p><span lang=\"de-AT\">Als Klinische Psychologin bin ich an das Berufsgeheimnis gebunden und unterliege der Schweigepflicht.<\/span><\/p>\n<h6><strong><span lang=\"de-AT\">Zielgruppe<\/span><\/strong><\/h6>\n<p><span lang=\"de-AT\">Meine Zielgruppe sind junge Erwachsene und Erwachsene bis ins h\u00f6here Alter.<\/span><\/p>\n<\/div>\n\t\t<\/div><\/div><\/div><\/div>","protected":false},"excerpt":{"rendered":"<p>Psychologische Therapie und Klinisch-psychologische Beratung (eine Einheit \u00e0 50 Minuten) \u20ac 100 Es besteht die M\u00f6glichkeit eines Kostenzuschuss durch die [&hellip;]<\/p>\n","protected":false},"author":1,"featured_media":0,"parent":0,"menu_order":0,"comment_status":"closed","ping_status":"closed","template":"page-templates\/pagebuilder.php","meta":[],"aioseo_notices":[],"_links":{"self":[{"href":"https:\/\/www.praxis-holzner.at\/index.php?rest_route=\/wp\/v2\/pages\/851"}],"collection":[{"href":"https:\/\/www.praxis-holzner.at\/index.php?rest_route=\/wp\/v2\/pages"}],"about":[{"href":"https:\/\/www.praxis-holzner.at\/index.php?rest_route=\/wp\/v2\/types\/page"}],"author":[{"embeddable":true,"href":"https:\/\/www.praxis-holzner.at\/index.php?rest_route=\/wp\/v2\/users\/1"}],"replies":[{"embeddable":true,"href":"https:\/\/www.praxis-holzner.at\/index.php?rest_route=%2Fwp%2Fv2%2Fcomments&post=851"}],"version-history":[{"count":20,"href":"https:\/\/www.praxis-holzner.at\/index.php?rest_route=\/wp\/v2\/pages\/851\/revisions"}],"predecessor-version":[{"id":934,"href":"https:\/\/www.praxis-holzner.at\/index.php?rest_route=\/wp\/v2\/pages\/851\/revisions\/934"}],"wp:attachment":[{"href":"https:\/\/www.praxis-holzner.at\/index.php?rest_route=%2Fwp%2Fv2%2Fmedia&parent=851"}],"curies":[{"name":"wp","href":"https:\/\/api.w.org\/{rel}","templated":true}]}}